{"id":448,"date":"2021-10-29T09:55:02","date_gmt":"2021-10-29T07:55:02","guid":{"rendered":"https:\/\/www.groupe-ragni.com\/?page_id=448"},"modified":"2023-11-17T15:26:28","modified_gmt":"2023-11-17T14:26:28","slug":"avisos-legales","status":"publish","type":"page","link":"https:\/\/www.groupe-ragni.com\/es\/avisos-legales\/","title":{"rendered":"Avisos legales"},"content":{"rendered":"<div class=\"row\"><div class=\"col-12 heading\">\n<h2 class=\"wp-block-heading\">1. Presentaci\u00f3n del sitio web<\/h2>\n<\/div><\/div>\n\n<div class=\"row\"><div class=\"col-12 paragraph\">\n<p>De conformidad con el art\u00edculo 6 de la Ley N\u00ba 2004-575 de 21 de junio de 2004 para la confianza en la Econom\u00eda Digital, los usuarios del sitio web RAGNI HOLDING &nbsp;son informados de la identidad de las distintas partes interesadas en el contexto de su implementaci\u00f3n y seguimiento:<\/p>\n<\/div><\/div>\n\n<div class=\"row\"><div class=\"col-12 paragraph\">\n<p><strong>Propietarios<\/strong><br>Nombre del propietario: RAGNI HOLDING<br>Direcci\u00f3n: Lieu-dit Le Gu\u00e9rard Vallon des Vaux 06610 La Gaude<br>Tel\u00e9fono: 0033 4 93 31 05 48<br>Forma jur\u00eddica: Soci\u00e9t\u00e9 par actions simplifi\u00e9e<br>SIRET: 505 364 950 00012<br>C\u00f3digo NAF o APE: 6420Z<br>Capital social: 1 961 250,00 \u20ac<br>Responsable del sitio web: Julie MERIAUX, Responsable Communication, 04 93 31 05 48<\/p>\n<\/div><\/div>\n\n<div class=\"row\"><div class=\"col-12 paragraph\">\n<p><strong>Creaci\u00f3n del sitio<\/strong><br>B17 Comunicaci\u00f3n<br>19, rue du lieutenant Aug\u00e9<br>44230 Saint-S\u00e9bastien\/Loire<br>02 40 89 78 74<\/p>\n<\/div><\/div>\n\n<div class=\"row\"><div class=\"col-12 paragraph\">\n<p><strong>Alojamiento web<\/strong><br><strong>Ecritel<\/strong><br>5 DOAREN MOLAC <br>56610 ARRADON<br>+ 33 (0)1 40 61 20 00<\/p>\n<\/div><\/div>\n\n<div class=\"row\"><div class=\"col-12 paragraph\">\n<p><strong>Cr\u00e9ditos fotogr\u00e1ficos<\/strong><br>Shutterstock &#8211;  RAGNI HOLDING<\/p>\n<\/div><\/div>\n\n<div class=\"row\"><div class=\"col-12 heading\">\n<h2 class=\"wp-block-heading\">2. T\u00e9rminos y condiciones generales de uso del sitio y de los servicios ofrecidos<\/h2>\n<\/div><\/div>\n\n<div class=\"row\"><div class=\"col-12 paragraph\">\n<p>El uso del sitio web de RAGNI HOLDING &nbsp;implica la plena aceptaci\u00f3n de las condiciones generales de uso descritas a continuaci\u00f3n. Estas condiciones de uso pueden ser modificadas o complementadas en cualquier momento, por lo que se aconseja a los usuarios del sitio web RAGNI HOLDING &nbsp;consultarlas regularmente.<\/p>\n<\/div><\/div>\n\n<div class=\"row\"><div class=\"col-12 paragraph\">\n<p>Este sitio es normalmente accesible para los usuarios en todo momento. Sin embargo, una interrupci\u00f3n por mantenimiento t\u00e9cnico podr\u00e1 ser decidida por RAGNI HOLDING , que se esforzar\u00e1 por comunicar con antelaci\u00f3n a los usuarios las fechas y horas de la intervenci\u00f3n.<\/p>\n<\/div><\/div>\n\n<div class=\"row\"><div class=\"col-12 paragraph\">\n<p>El sitio RAGNI HOLDING &nbsp;se actualiza regularmente. Del mismo modo, los avisos legales pueden ser modificados en cualquier momento: no obstante, son vinculantes para el usuario, al que se le invita a consultarlos con la mayor frecuencia posible para que los conozca.<\/p>\n<\/div><\/div>\n\n<div class=\"row\"><div class=\"col-12 heading\">\n<h2 class=\"wp-block-heading\">3. Descripci\u00f3n de los servicios prestados<\/h2>\n<\/div><\/div>\n\n<div class=\"row\"><div class=\"col-12 paragraph\">\n<p>El prop\u00f3sito del sitio web RAGNI HOLDING &nbsp;&nbsp;es proporcionar informaci\u00f3n sobre todas las actividades de la empresa.<\/p>\n<\/div><\/div>\n\n<div class=\"row\"><div class=\"col-12 paragraph\">\n<p>La compa\u00f1\u00eda RAGNI HOLDING &nbsp;se esfuerza por proporcionar informaci\u00f3n en su sitio web lo m\u00e1s precisa posible. Sin embargo, no puede ser considerado responsable de omisiones, inexactitudes y deficiencias en la actualizaci\u00f3n, ya sea por su propia acci\u00f3n o por parte de terceros socios que le faciliten dicha informaci\u00f3n.<\/p>\n<\/div><\/div>\n\n<div class=\"row\"><div class=\"col-12 paragraph\">\n<p>Toda la informaci\u00f3n indicada en el sitio web de la compa\u00f1\u00eda RAGNI HOLDING se proporciona \u00fanicamente con fines informativos y est\u00e1 sujeta a cambios. Adem\u00e1s, la informaci\u00f3n en el sitio web de la compa\u00f1\u00eda RAGNI HOLDING &nbsp;&nbsp;no es exhaustiva. La informaci\u00f3n queda sujeta a cambios que se han realizado desde que se publican en l\u00ednea.<\/p>\n<\/div><\/div>\n\n<div class=\"row\"><div class=\"col-12 heading\">\n<h2 class=\"wp-block-heading\">4. Limitaciones contractuales de los datos t\u00e9cnicos<\/h2>\n<\/div><\/div>\n\n<div class=\"row\"><div class=\"col-12 paragraph\">\n<p>El sitio utiliza tecnolog\u00eda JavaScript. El sitio web no se hace responsable de los da\u00f1os materiales relacionados con el uso del sitio. Adem\u00e1s, el usuario del sitio se compromete a acceder al sitio utilizando material reciente, libre de virus y con un navegador de \u00faltima generaci\u00f3n actualizado.<\/p>\n<\/div><\/div>\n\n<div class=\"row\"><div class=\"col-12 heading\">\n<h2 class=\"wp-block-heading\">5. Propiedad Intelectual y falsificaciones<\/h2>\n<\/div><\/div>\n\n<div class=\"row\"><div class=\"col-12 paragraph\">\n<p>La compa\u00f1\u00eda RAGNI HOLDING &nbsp;es el titular de los derechos de propiedad intelectual y posee los derechos de uso de todos los elementos accesibles en el sitio, incluyendo textos, im\u00e1genes, gr\u00e1ficos, logotipos, iconos, sonidos y software. Cualquier reproducci\u00f3n, representaci\u00f3n, modificaci\u00f3n, publicaci\u00f3n, adaptaci\u00f3n de todos o parte de los elementos del sitio, independientemente de los medios o procesos utilizados, est\u00e1 prohibida, salvo consentimiento previo por escrito de la compa\u00f1\u00eda RAGNI HOLDING . Cualquier explotaci\u00f3n no autorizada del sitio o de cualquier elemento contenido en el mismo se considerar\u00e1 una infracci\u00f3n y ser\u00e1 perseguida de acuerdo con lo dispuesto en los art\u00edculos L.335-2 y siguientes del C\u00f3digo de Propiedad Intelectual.<\/p>\n<\/div><\/div>\n\n<div class=\"row\"><div class=\"col-12 heading\">\n<h2 class=\"wp-block-heading\">6. Limitaciones de responsabilidad<\/h2>\n<\/div><\/div>\n\n<div class=\"row\"><div class=\"col-12 paragraph\">\n<p>La compa\u00f1\u00eda RAGNI HOLDING no puede ser considerada responsable de los da\u00f1os directos e indirectos causados al material del usuario, al acceder al sitio web de la compa\u00f1\u00eda RAGNI HOLDING , y que resulten bien del uso de equipos que no cumplan las especificaciones indicadas en el punto 4, o de la aparici\u00f3n de un bug o incompatibilidad.<\/p>\n<\/div><\/div>\n\n<div class=\"row\"><div class=\"col-12 paragraph\">\n<p>La compa\u00f1\u00eda RAGNI HOLDING tampoco puede ser considerada responsable de los da\u00f1os indirectos (como por ejemplo p\u00e9rdida de negocio o p\u00e9rdida de oportunidades) resultantes del uso del sitio web de la compa\u00f1\u00eda RAGNI HOLDING &nbsp;.<\/p>\n<\/div><\/div>\n\n<div class=\"row\"><div class=\"col-12 paragraph\">\n<p>Los usuarios disponen de espacios interactivos (por ejemplo, con la posibilidad de hacer preguntas en el \u00e1rea de contacto). La compa\u00f1\u00eda RAGNI HOLDING &nbsp;se reserva el derecho de eliminar, sin previo aviso, cualquier contenido publicado en este espacio que contravenga la legislaci\u00f3n aplicable en Francia, en particular las disposiciones relativas a la protecci\u00f3n de datos. En caso necesario, la compa\u00f1\u00eda RAGNI HOLDING tambi\u00e9n se reserva el derecho de cuestionar la responsabilidad civil y\/o penal del usuario, en particular en caso de mensaje racista, abusivo, difamatorio o pornogr\u00e1fico, independientemente del medio utilizado (texto, fotograf\u00eda&#8230;).&nbsp;<\/p>\n<\/div><\/div>\n\n<div class=\"row\"><div class=\"col-12 heading\">\n<h2 class=\"wp-block-heading\">7. Legislaci\u00f3n aplicable y jurisdicci\u00f3n<\/h2>\n<\/div><\/div>\n\n<div class=\"row\"><div class=\"col-12 paragraph\">\n<p>Toda la informaci\u00f3n difundida en el sitio y su uso est\u00e1n sujetas exclusivamente a la legislaci\u00f3n francesa. S\u00f3lo los tribunales que entran dentro de la jurisdicci\u00f3n del Tribunal de Apelaci\u00f3n del domicilio social de la compa\u00f1\u00eda RAGNI HOLDING &nbsp;son competentes para conocer de cualquier disputa relacionada con el uso del sitio.<\/p>\n<\/div><\/div>\n\n\n<div style=\"height:100px\" aria-hidden=\"true\" class=\"wp-block-spacer\"><\/div>\n","protected":false},"excerpt":{"rendered":"<p>1. Presentaci\u00f3n del sitio web De conformidad con el art\u00edculo 6 de la Ley N\u00ba 2004-575 de 21 de junio de 2004 para la confianza en la Econom\u00eda Digital, los usuarios del sitio web &nbsp;son informados de la identidad de las distintas partes interesadas en el contexto de su implementaci\u00f3n y seguimiento: PropietariosNombre del propietario: [&hellip;]<\/p>\n","protected":false},"author":1,"featured_media":0,"parent":0,"menu_order":0,"comment_status":"closed","ping_status":"closed","template":"page-rgpd.php","meta":{"footnotes":""},"class_list":["post-448","page","type-page","status-publish","hentry"],"acf":[],"_links":{"self":[{"href":"https:\/\/www.groupe-ragni.com\/es\/wp-json\/wp\/v2\/pages\/448","targetHints":{"allow":["GET"]}}],"collection":[{"href":"https:\/\/www.groupe-ragni.com\/es\/wp-json\/wp\/v2\/pages"}],"about":[{"href":"https:\/\/www.groupe-ragni.com\/es\/wp-json\/wp\/v2\/types\/page"}],"author":[{"embeddable":true,"href":"https:\/\/www.groupe-ragni.com\/es\/wp-json\/wp\/v2\/users\/1"}],"replies":[{"embeddable":true,"href":"https:\/\/www.groupe-ragni.com\/es\/wp-json\/wp\/v2\/comments?post=448"}],"version-history":[{"count":2,"href":"https:\/\/www.groupe-ragni.com\/es\/wp-json\/wp\/v2\/pages\/448\/revisions"}],"predecessor-version":[{"id":495,"href":"https:\/\/www.groupe-ragni.com\/es\/wp-json\/wp\/v2\/pages\/448\/revisions\/495"}],"wp:attachment":[{"href":"https:\/\/www.groupe-ragni.com\/es\/wp-json\/wp\/v2\/media?parent=448"}],"curies":[{"name":"wp","href":"https:\/\/api.w.org\/{rel}","templated":true}]}}