{"id":437,"date":"2021-10-08T16:29:01","date_gmt":"2021-10-08T14:29:01","guid":{"rendered":"https:\/\/www.groupe-ragni.com\/?page_id=437"},"modified":"2026-02-12T11:07:36","modified_gmt":"2026-02-12T10:07:36","slug":"personal-data-protection-policy","status":"publish","type":"page","link":"https:\/\/www.groupe-ragni.com\/en\/personal-data-protection-policy\/","title":{"rendered":"Personal Data Protection Policy"},"content":{"rendered":"<div class=\"row\"><div class=\"col-12 heading\">\n<h2 class=\"wp-block-heading\">Purpose and Scope of the Policy<\/h2>\n<\/div><\/div>\n\n<div class=\"row\"><div class=\"col-12 paragraph\">\n<p>Ragni attaches the utmost importance to the protection of privacy and personal data, and to compliance with applicable legislation.<\/p>\n<\/div><\/div>\n\n<div class=\"row\"><div class=\"col-12 paragraph\">\n<p>Regulation (EU) 2016\/679 of 27 April 2016 on the protection of natural persons with regard to the processing of personal data and on the free movement of such data (hereinafter the \u201cGDPR\u201d) provides that personal data must be processed lawfully, fairly and transparently. Accordingly, this Personal Data Protection Policy (hereinafter the \u201cPolicy\u201d) aims to provide you with clear and transparent information regarding the processing of your personal data, particularly in the context of your browsing activity and operations carried out on our website.<\/p>\n<\/div><\/div>\n\n<div class=\"row\"><div class=\"col-12 heading\">\n<h2 class=\"wp-block-heading\">Data Controller<\/h2>\n<\/div><\/div>\n\n<div class=\"row\"><div class=\"col-12 paragraph\">\n<p>The data controller of your personal data, within the meaning of applicable data protection regulations and in particular the GDPR, is Ragni, a simplified joint-stock company (Soci\u00e9t\u00e9 par Actions Simplifi\u00e9e) with a share capital of EUR 610,000, whose registered office is located at Lieudit Le Guerard, Chemin du Vallon des Vaux, 06610 La Gaude, France.<\/p>\n<\/div><\/div>\n\n<div class=\"row\"><div class=\"col-12 paragraph\">\n<p>All information relating to Ragni is available on our <a href=\"https:\/\/www.groupe-ragni.com\/en\/legal-notices\/\">Legal Notice<\/a> page.<\/p>\n<\/div><\/div>\n\n<div class=\"row\"><div class=\"col-12 heading\">\n<h2 class=\"wp-block-heading\">Why Do We Collect Your Personal Data?<\/h2>\n<\/div><\/div>\n\n<div class=\"row\"><div class=\"col-12 paragraph\">\n<p>This Policy applies to the collection and processing of your personal data for specified purposes and on different legal bases.<\/p>\n<\/div><\/div>\n\n<div class=\"row\"><div class=\"col-12 paragraph\">\n<p>Based on your consent:<\/p>\n<\/div><\/div>\n\n<div class=\"row\"><div class=\"col-12 list\">\n<ul class=\"wp-block-list\">\n<li>Management of cookies requiring your consent (audience measurement cookies).<\/li>\n<\/ul>\n<\/div><\/div>\n\n<div class=\"row\"><div class=\"col-12 paragraph\">\n<p>Based on Ragni\u2019s legitimate interest:<\/p>\n<\/div><\/div>\n\n<div class=\"row\"><div class=\"col-12 list\">\n<ul class=\"wp-block-list\">\n<li>Management of information requests received via the contact form, with possible forwarding to the relevant Group company in order to respond to your request.<br>If your request directly concerns one of the Group companies and leads to a contractual relationship, your data will then be processed in accordance with that company\u2019s privacy policy.<\/li>\n\n\n\n<li>Management of communications;<\/li>\n\n\n\n<li>Ensuring proper operation and continuous improvement of the website (via technical cookies);<\/li>\n\n\n\n<li>Management of pre-litigation and litigation matters.<\/li>\n<\/ul>\n<\/div><\/div>\n\n<div class=\"row\"><div class=\"col-12 paragraph\">\n<p>Based on legal obligations:<\/p>\n<\/div><\/div>\n\n<div class=\"row\"><div class=\"col-12 list\">\n<ul class=\"wp-block-list\">\n<li>Management of your data protection rights.<\/li>\n<\/ul>\n<\/div><\/div>\n\n<div class=\"row\"><div class=\"col-12 heading\">\n<h2 class=\"wp-block-heading\">Personal Data We Collect<\/h2>\n<\/div><\/div>\n\n<div class=\"row\"><div class=\"col-12 paragraph\">\n<p>Personal data are processed in compliance with the data minimisation principle set out in the GDPR.<\/p>\n<\/div><\/div>\n\n<div class=\"row\"><div class=\"col-12 list\">\n<ul class=\"wp-block-list\">\n<li><strong>Identification data: <\/strong>Information enabling us to identify you, such as your surname, first name, telephone number and email address.<\/li>\n\n\n\n<li><strong>Browsing information:<\/strong> When browsing our website, certain information relating to your navigation is collected<\/li>\n<\/ul>\n<\/div><\/div>\n\n<div class=\"row\"><div class=\"col-12 heading\">\n<h2 class=\"wp-block-heading\">Recipients of Your Personal Data<\/h2>\n<\/div><\/div>\n\n<div class=\"row\"><div class=\"col-12 paragraph\">\n<p>Your data may be transmitted to relevant entities of the Ragni Group, to our technical service providers and partners, and to competent authorities where required by law.<\/p>\n<\/div><\/div>\n\n<div class=\"row\"><div class=\"col-12 paragraph\">\n<p>In all cases, only strictly necessary data are communicated. We implement appropriate measures to ensure secure transmission.<\/p>\n<\/div><\/div>\n\n<div class=\"row\"><div class=\"col-12 paragraph\">\n<p><strong>We do not sell your data.<\/strong><\/p>\n<\/div><\/div>\n\n<div class=\"row\"><div class=\"col-12 heading\">\n<h2 class=\"wp-block-heading\">Transfers Outside the European Economic Area<\/h2>\n<\/div><\/div>\n\n<div class=\"row\"><div class=\"col-12 paragraph\">\n<p>Ragni endeavours to store personal data in France or within the European Economic Area (EEA).<\/p>\n<\/div><\/div>\n\n<div class=\"row\"><div class=\"col-12 paragraph\">\n<p>However, some data may be transferred to other countries, for example where certain service providers are located outside the EEA.<\/p>\n<\/div><\/div>\n\n<div class=\"row\"><div class=\"col-12 paragraph\">\n<p>In such cases, transfers are carried out:<\/p>\n<\/div><\/div>\n\n<div class=\"row\"><div class=\"col-12 list\">\n<ul class=\"wp-block-list\">\n<li>To countries recognised as providing an adequate level of protection;<\/li>\n\n\n\n<li>Under Standard Contractual Clauses;<\/li>\n\n\n\n<li>Under Binding Corporate Rules.<\/li>\n<\/ul>\n<\/div><\/div>\n\n<div class=\"row\"><div class=\"col-12 paragraph\">\n<p>You may request further information by contacting us at the address indicated in the \u201cYour Contacts\u201d section.<\/p>\n<\/div><\/div>\n\n<div class=\"row\"><div class=\"col-12 heading\">\n<h2 class=\"wp-block-heading\">Technical and Organisational Security Measures<\/h2>\n<\/div><\/div>\n\n<div class=\"row\"><div class=\"col-12 paragraph\">\n<p>Ragni implements appropriate technical and organisational measures to protect personal data against loss, destruction, alteration, unauthorised access or disclosure.<\/p>\n<\/div><\/div>\n\n<div class=\"row\"><div class=\"col-12 paragraph\">\n<p>Such measures may include restricted access, pseudonymisation, encryption, secure authentication procedures and regular review of security policies.<\/p>\n<\/div><\/div>\n\n<div class=\"row\"><div class=\"col-12 heading\">\n<h2 class=\"wp-block-heading\">Data Retention Periods<\/h2>\n<\/div><\/div>\n\n<div class=\"row\"><div class=\"col-12 paragraph\">\n<p>Personal data are retained for a maximum period of three (3) years from the last contact with the prospect, unless you request erasure.<\/p>\n<\/div><\/div>\n\n<div class=\"row\"><div class=\"col-12 paragraph\">\n<p>Where you exercise your rights, the Data Protection Officer processes your data (identity details, copy of ID if required, nature of request, response provided). These data are retained for five (5) years, except for copies of identity documents, which are retained only for the time strictly necessary for verification or legal compliance.<\/p>\n<\/div><\/div>\n\n<div class=\"row\"><div class=\"col-12 paragraph\">\n<p>More detailed retention rules may be obtained upon request under your right of access.<\/p>\n<\/div><\/div>\n\n<div class=\"row\"><div class=\"col-12 heading\">\n<h2 class=\"wp-block-heading\">Your Rights<\/h2>\n<\/div><\/div>\n\n<div class=\"row\"><div class=\"col-12 paragraph\">\n<p>You may exercise your rights at any time by contacting Ragni. You have the following rights:<\/p>\n<\/div><\/div>\n\n<div class=\"row\"><div class=\"col-12 list\">\n<ul class=\"wp-block-list\">\n<li>Right to object;<\/li>\n\n\n\n<li>Right to withdraw consent;<\/li>\n\n\n\n<li>Right of access;<\/li>\n\n\n\n<li>Right to rectification;<\/li>\n\n\n\n<li>Right to erasure;<\/li>\n\n\n\n<li>Right to restriction of processing;<\/li>\n\n\n\n<li>Right to data portability;<\/li>\n\n\n\n<li>Right to define directives regarding the post-mortem fate of your data.<\/li>\n<\/ul>\n<\/div><\/div>\n\n<div class=\"row\"><div class=\"col-12 paragraph\">\n<p>If you are not satisfied with the response provided, you may lodge a complaint with the competent supervisory authority (CNIL).<\/p>\n<\/div><\/div>\n\n<div class=\"row\"><div class=\"col-12 heading\">\n<h2 class=\"wp-block-heading\">Contact<\/h2>\n<\/div><\/div>\n\n<div class=\"row\"><div class=\"col-12 paragraph\">\n<p>For any request, please contact the Data Protection Officer at: dpo@ragni.com.<\/p>\n<\/div><\/div>\n\n<div class=\"row\"><div class=\"col-12 paragraph\">\n<p>Proof of identity may be requested where necessary. The exercise of rights is strictly personal.<\/p>\n<\/div><\/div>\n\n<div class=\"row\"><div class=\"col-12 heading\">\n<h2 class=\"wp-block-heading\">Amendments<\/h2>\n<\/div><\/div>\n\n<div class=\"row\"><div class=\"col-12 paragraph\">\n<p>Ragni may amend this Policy as necessary. You will be informed of any substantial changes.<\/p>\n<\/div><\/div>\n\n<div class=\"row\"><div class=\"col-12 paragraph\">\n<p><em>Last update: October 2025<\/em><\/p>\n<\/div><\/div>\n\n\n<div style=\"height:100px\" aria-hidden=\"true\" class=\"wp-block-spacer\"><\/div>\n","protected":false},"excerpt":{"rendered":"<p>Purpose and Scope of the Policy Ragni attaches the utmost importance to the protection of privacy and personal data, and to compliance with applicable legislation. Regulation (EU) 2016\/679 of 27 April 2016 on the protection of natural persons with regard to the processing of personal data and on the free movement of such data (hereinafter [&hellip;]<\/p>\n","protected":false},"author":1,"featured_media":0,"parent":0,"menu_order":0,"comment_status":"closed","ping_status":"closed","template":"page-rgpd.php","meta":{"footnotes":""},"class_list":["post-437","page","type-page","status-publish","hentry"],"acf":[],"_links":{"self":[{"href":"https:\/\/www.groupe-ragni.com\/en\/wp-json\/wp\/v2\/pages\/437","targetHints":{"allow":["GET"]}}],"collection":[{"href":"https:\/\/www.groupe-ragni.com\/en\/wp-json\/wp\/v2\/pages"}],"about":[{"href":"https:\/\/www.groupe-ragni.com\/en\/wp-json\/wp\/v2\/types\/page"}],"author":[{"embeddable":true,"href":"https:\/\/www.groupe-ragni.com\/en\/wp-json\/wp\/v2\/users\/1"}],"replies":[{"embeddable":true,"href":"https:\/\/www.groupe-ragni.com\/en\/wp-json\/wp\/v2\/comments?post=437"}],"version-history":[{"count":6,"href":"https:\/\/www.groupe-ragni.com\/en\/wp-json\/wp\/v2\/pages\/437\/revisions"}],"predecessor-version":[{"id":2890,"href":"https:\/\/www.groupe-ragni.com\/en\/wp-json\/wp\/v2\/pages\/437\/revisions\/2890"}],"wp:attachment":[{"href":"https:\/\/www.groupe-ragni.com\/en\/wp-json\/wp\/v2\/media?parent=437"}],"curies":[{"name":"wp","href":"https:\/\/api.w.org\/{rel}","templated":true}]}}