{"id":2896,"date":"2026-02-12T10:54:51","date_gmt":"2026-02-12T09:54:51","guid":{"rendered":"https:\/\/www.groupe-ragni.com\/?page_id=2896"},"modified":"2026-02-23T09:48:57","modified_gmt":"2026-02-23T08:48:57","slug":"cookie-policy","status":"publish","type":"page","link":"https:\/\/www.groupe-ragni.com\/en\/cookie-policy\/","title":{"rendered":"Cookie Policy"},"content":{"rendered":"<div class=\"row\"><div class=\"col-12 heading\">\n<h2 class=\"wp-block-heading\">What is a cookie?<\/h2>\n<\/div><\/div>\n\n<div class=\"row\"><div class=\"col-12 paragraph\">\n<p>Cookies are data stored on your computer or mobile device. They are distinguishable by unique identifiers associated with your device. They enable you to have an improved browsing experience on your favourite websites, as they remember your actions and preferences. You therefore do not need to re-enter your preferences each time you visit, such as location, font or language.<\/p>\n<\/div><\/div>\n\n<div class=\"row\"><div class=\"col-12 paragraph\">\n<p>These cookies are stored on your device. They do not allow us to identify you directly; however, they record information relating to your browsing activity on the website (pages visited, date and time of consultation, etc.), which we may read during subsequent visits.<\/p>\n<\/div><\/div>\n\n<div class=\"row\"><div class=\"col-12 paragraph\">\n<p>For all data processing activities related to cookies, Ragni, Soci\u00e9t\u00e9 par Actions Simplifi\u00e9e with a share capital of EUR 610,000, having its registered office at Lieudit Le Guerard, Chemin du Vallon des Vaux, 06610 La Gaude, determines the purposes and means of processing. Ragni therefore acts as Data Controller within the meaning of applicable personal data regulations, in particular Regulation (EU) 2016\/679 (GDPR).<\/p>\n<\/div><\/div>\n\n<div class=\"row\"><div class=\"col-12 paragraph\">\n<p>Ragni attaches the utmost importance to the protection of privacy and personal data.<\/p>\n<\/div><\/div>\n\n<div class=\"row\"><div class=\"col-12 paragraph\">\n<p>This Cookie Policy (hereinafter the \u201cPolicy\u201d) aims to provide clear and transparent information regarding how your data are collected through cookies placed on the website.<\/p>\n<\/div><\/div>\n\n<div class=\"row\"><div class=\"col-12 heading\">\n<h2 class=\"wp-block-heading\">Are cookies placed when you browse the website?<\/h2>\n<\/div><\/div>\n\n<div class=\"row\"><div class=\"col-12 paragraph\">\n<p>During your first visit, a banner informs you of the presence of cookies and invites you to indicate your choice. Cookies requiring consent are only placed if you accept them.<\/p>\n<\/div><\/div>\n\n<div class=\"row\"><div class=\"col-12 paragraph\">\n<p>You may at any time configure cookies by accessing the [Manage my cookies] page available at the bottom of each page or by configuring your browser settings.<\/p>\n<\/div><\/div>\n\n<div class=\"row\"><div class=\"col-12 heading\">\n<h2 class=\"wp-block-heading\">What data are collected through cookies?<\/h2>\n<\/div><\/div>\n\n<div class=\"row\"><div class=\"col-12 paragraph\">\n<p>The following data relating to a device may be collected:<\/p>\n<\/div><\/div>\n\n<div class=\"row\"><div class=\"col-12 list\">\n<ul class=\"wp-block-list\">\n<li>Technical identifiers relating to your internet access;<\/li>\n\n\n\n<li>Date, time and duration of connection;<\/li>\n\n\n\n<li>Referring URL;<\/li>\n\n\n\n<li>Operating system;<\/li>\n\n\n\n<li>Browser type and version;<\/li>\n\n\n\n<li>Mobile device brand and model;<\/li>\n\n\n\n<li>Download errors;<\/li>\n\n\n\n<li>Browser language;<\/li>\n\n\n\n<li>Characteristics of consulted and shared content.<\/li>\n<\/ul>\n<\/div><\/div>\n\n<div class=\"row\"><div class=\"col-12 heading\">\n<h2 class=\"wp-block-heading\">What are the purposes of the cookies used?<\/h2>\n<\/div><\/div>\n\n<div class=\"row\"><div class=\"col-12 paragraph\">\n<p>We use different types of cookies:<\/p>\n<\/div><\/div>\n\n<div class=\"row\"><div class=\"col-12 list\">\n<ul class=\"wp-block-list\">\n<li>Strictly necessary cookies: These enable core website functionality (session management, interface customisation, language preferences). They do not require prior consent.<\/li>\n\n\n\n<li>Audience measurement cookies: These enable us to measure website traffic and improve performance (statistics, visited sections, navigation paths).<\/li>\n<\/ul>\n<\/div><\/div>\n\n\n<figure class=\"wp-block-table\"><table class=\"has-fixed-layout\"><tbody><tr><td>COOKIE NAME<\/td><td>PURPOSE<\/td><td>RETENTION PERIOD<\/td><\/tr><tr><td>PHPSESSID<\/td><td>Identifies user session<\/td><td>Session<\/td><\/tr><tr><td>wp-<\/td><td>WordPress authentication\/preferences<\/td><td>Session<\/td><\/tr><tr><td>wpml_current_language<\/td><td>Stores selected language<\/td><td>Session<\/td><\/tr><tr><td>moove_gdpr_popup<\/td><td>Stores cookie consent preferences<\/td><td>6 months<\/td><\/tr><tr><td>AEC<\/td><td>Security cookie preventing fraudulent requests<\/td><td>6 months<\/td><\/tr><tr><td>Secure-ENID<\/td><td>Google security cookie<\/td><td>13 months<\/td><\/tr><tr><td>SOCS<\/td><td>Stores Google consent status<\/td><td>13 months<\/td><\/tr><tr><td>_ga<\/td><td>Distinguishes users (Google Analytics)<\/td><td>13 months<\/td><\/tr><tr><td>_ga_ZW9782X7KT<\/td><td>Maintains GA session state<\/td><td>13 months<\/td><\/tr><\/tbody><\/table><\/figure>\n\n\n<div class=\"row\"><div class=\"col-12 heading\">\n<h2 class=\"wp-block-heading\">Who places the cookies?<\/h2>\n<\/div><\/div>\n\n<div class=\"row\"><div class=\"col-12 paragraph\">\n<p>Cookies are placed by:<\/p>\n<\/div><\/div>\n\n<div class=\"row\"><div class=\"col-12 list\">\n<ul class=\"wp-block-list\">\n<li>Ragni as website publisher;<\/li>\n\n\n\n<li>Technical service providers acting as processors on behalf of Ragni.<\/li>\n<\/ul>\n<\/div><\/div>\n\n<div class=\"row\"><div class=\"col-12 heading\">\n<h2 class=\"wp-block-heading\">Managing your consent<\/h2>\n<\/div><\/div>\n\n<div class=\"row\"><div class=\"col-12 paragraph\">\n<p>Audience measurement cookies require prior consent. You may withdraw consent at any time via the [Manage my cookies] page.<\/p>\n<\/div><\/div>\n\n<div class=\"row\"><div class=\"col-12 heading\">\n<h2 class=\"wp-block-heading\">Browser configuration<\/h2>\n<\/div><\/div>\n\n<div class=\"row\"><div class=\"col-12 paragraph\">\n<p>You may configure your browser to accept, refuse or delete cookies.<\/p>\n<\/div><\/div>\n\n<div class=\"row\"><div class=\"col-12 paragraph\">\n<p>Information is available for:<\/p>\n<\/div><\/div>\n\n<div class=\"row\"><div class=\"col-12 list\">\n<ul class=\"wp-block-list\">\n<li><a href=\"https:\/\/support.microsoft.com\/en-gb\/windows\/view-and-delete-your-browsing-history-in-internet-explorer-098ffe52-5ac9-a449-c296-c735c32c8678\" target=\"_blank\" rel=\"noreferrer noopener\">Internet Explorer<\/a><\/li>\n\n\n\n<li><a href=\"https:\/\/support.google.com\/chrome\/answer\/95647?hl=fr\" target=\"_blank\" rel=\"noreferrer noopener\">Chro<\/a><a href=\"https:\/\/support.google.com\/chrome\/answer\/95647?hl=en-GB&amp;sjid=11909311819035457258-EU\" target=\"_blank\" rel=\"noopener\">me<\/a><\/li>\n\n\n\n<li><a href=\"https:\/\/support.mozilla.org\/en-US\/kb\/enhanced-tracking-protection-firefox-desktop?redirectslug=activer-desactiver-cookies-preferences&amp;redirectlocale=fr\" target=\"_blank\" rel=\"noreferrer noopener\">Fi<\/a><a href=\"https:\/\/support.mozilla.org\/fr\/kb\/protection-renforcee-contre-pistage-firefox-ordinateur?redirectslug=activer-desactiver-cookies-preferences&amp;redirectlocale=fr\" target=\"_blank\" rel=\"noreferrer noopener\">refox<\/a><\/li>\n\n\n\n<li><a href=\"https:\/\/support.apple.com\/en-gb\/guide\/safari\/sfri11471\/mac\" target=\"_blank\" rel=\"noreferrer noopener\">Safari<\/a><\/li>\n\n\n\n<li><a href=\"https:\/\/blogs.opera.com\/tips-and-tricks\/2023\/04\/clean-browser-and-remove-trackers\/\" target=\"_blank\" rel=\"noreferrer noopener\">Opera<\/a><\/li>\n<\/ul>\n<\/div><\/div>\n\n<div class=\"row\"><div class=\"col-12 heading\">\n<h2 class=\"wp-block-heading\">Consequences of refusing cookies<\/h2>\n<\/div><\/div>\n\n<div class=\"row\"><div class=\"col-12 paragraph\">\n<p>Refusing strictly necessary cookies may limit website functionality. Refusing non-essential cookies will not prevent access to the website.<\/p>\n<\/div><\/div>\n\n\n<div style=\"height:100px\" aria-hidden=\"true\" class=\"wp-block-spacer\"><\/div>\n","protected":false},"excerpt":{"rendered":"<p>What is a cookie? Cookies are data stored on your computer or mobile device. They are distinguishable by unique identifiers associated with your device. They enable you to have an improved browsing experience on your favourite websites, as they remember your actions and preferences. You therefore do not need to re-enter your preferences each time [&hellip;]<\/p>\n","protected":false},"author":1,"featured_media":0,"parent":0,"menu_order":0,"comment_status":"closed","ping_status":"closed","template":"","meta":{"footnotes":""},"class_list":["post-2896","page","type-page","status-publish","hentry"],"acf":[],"_links":{"self":[{"href":"https:\/\/www.groupe-ragni.com\/en\/wp-json\/wp\/v2\/pages\/2896","targetHints":{"allow":["GET"]}}],"collection":[{"href":"https:\/\/www.groupe-ragni.com\/en\/wp-json\/wp\/v2\/pages"}],"about":[{"href":"https:\/\/www.groupe-ragni.com\/en\/wp-json\/wp\/v2\/types\/page"}],"author":[{"embeddable":true,"href":"https:\/\/www.groupe-ragni.com\/en\/wp-json\/wp\/v2\/users\/1"}],"replies":[{"embeddable":true,"href":"https:\/\/www.groupe-ragni.com\/en\/wp-json\/wp\/v2\/comments?post=2896"}],"version-history":[{"count":2,"href":"https:\/\/www.groupe-ragni.com\/en\/wp-json\/wp\/v2\/pages\/2896\/revisions"}],"predecessor-version":[{"id":2917,"href":"https:\/\/www.groupe-ragni.com\/en\/wp-json\/wp\/v2\/pages\/2896\/revisions\/2917"}],"wp:attachment":[{"href":"https:\/\/www.groupe-ragni.com\/en\/wp-json\/wp\/v2\/media?parent=2896"}],"curies":[{"name":"wp","href":"https:\/\/api.w.org\/{rel}","templated":true}]}}