{"id":577,"date":"2021-10-08T16:29:01","date_gmt":"2021-10-08T14:29:01","guid":{"rendered":"https:\/\/www.groupe-ragni.com\/politique-de-confidentialite\/"},"modified":"2026-02-12T11:06:59","modified_gmt":"2026-02-12T10:06:59","slug":"datenschutzrichtlinie","status":"publish","type":"page","link":"https:\/\/www.groupe-ragni.com\/de\/datenschutzrichtlinie\/","title":{"rendered":"Datenschutzrichtlinie"},"content":{"rendered":"<div class=\"row\"><div class=\"col-12 heading\">\n<h2 class=\"wp-block-heading\">Zweck und Anwendungsbereich der Richtlinie<\/h2>\n<\/div><\/div>\n\n<div class=\"row\"><div class=\"col-12 paragraph\">\n<p>Ragni misst dem Schutz der Privatsph\u00e4re und personenbezogener Daten sowie der Einhaltung der geltenden gesetzlichen Bestimmungen gr\u00f6\u00dfte Bedeutung bei.<\/p>\n<\/div><\/div>\n\n<div class=\"row\"><div class=\"col-12 paragraph\">\n<p>Die Verordnung (EU) 2016\/679 (Datenschutz-Grundverordnung \u2013 DSGVO) bestimmt, dass personenbezogene Daten rechtm\u00e4\u00dfig, nach Treu und Glauben und in transparenter Weise verarbeitet werden m\u00fcssen. Diese Datenschutzrichtlinie (nachfolgend die \u201eRichtlinie\u201c) soll Ihnen klare und transparente Informationen \u00fcber die Verarbeitung Ihrer personenbezogenen Daten geben.<\/p>\n<\/div><\/div>\n\n<div class=\"row\"><div class=\"col-12 heading\">\n<h2 class=\"wp-block-heading\">Verantwortlicher<\/h2>\n<\/div><\/div>\n\n<div class=\"row\"><div class=\"col-12 paragraph\">\n<p>Verantwortlicher im Sinne der geltenden Datenschutzvorschriften, insbesondere der DSGVO, ist:<\/p>\n<\/div><\/div>\n\n<div class=\"row\"><div class=\"col-12 paragraph\">\n<p>Ragni<br>Soci\u00e9t\u00e9 par Actions Simplifi\u00e9e mit einem Stammkapital von 610.000 EUR<br>Lieudit Le Guerard, Chemin du Vallon des Vaux<br>06610 La Gaude<br>Frankreich<\/p>\n<\/div><\/div>\n\n<div class=\"row\"><div class=\"col-12 paragraph\">\n<p>Weitere Informationen zu Ragni finden Sie im Impressum unserer Website.<\/p>\n<\/div><\/div>\n\n<div class=\"row\"><div class=\"col-12 heading\">\n<h2 class=\"wp-block-heading\">Zu welchen Zwecken verarbeiten wir Ihre personenbezogenen Daten?<\/h2>\n<\/div><\/div>\n\n<div class=\"row\"><div class=\"col-12 paragraph\">\n<p>Diese Richtlinie gilt f\u00fcr die Verarbeitung Ihrer personenbezogenen Daten zu bestimmten Zwecken und auf Grundlage unterschiedlicher Rechtsgrundlagen.<\/p>\n<\/div><\/div>\n\n<div class=\"row\"><div class=\"col-12 list\">\n<ol class=\"wp-block-list\">\n<li>Auf Grundlage Ihrer Einwilligung (Art. 6 Abs. 1 lit. a DSGVO)<\/li>\n<\/ol>\n<\/div><\/div>\n\n<div class=\"row\"><div class=\"col-12 list\">\n<ul class=\"wp-block-list\">\n<li>Verwaltung von Cookies, die Ihre Einwilligung erfordern (insbesondere Cookies zur Reichweitenanalyse).<\/li>\n<\/ul>\n<\/div><\/div>\n\n<div class=\"row\"><div class=\"col-12 list\">\n<ol start=\"2\" class=\"wp-block-list\">\n<li>Auf Grundlage berechtigter Interessen von Ragni (Art. 6 Abs. 1 lit. f DSGVO)<\/li>\n<\/ol>\n<\/div><\/div>\n\n<div class=\"row\"><div class=\"col-12 list\">\n<ul class=\"wp-block-list\">\n<li>Bearbeitung von Informationsanfragen, die \u00fcber das Kontaktformular eingehen, gegebenenfalls Weiterleitung an das zust\u00e4ndige Unternehmen der Gruppe zur Beantwortung Ihrer Anfrage.<br>F\u00fchrt Ihre Anfrage zu einer vertraglichen Beziehung mit einem Unternehmen der Gruppe, erfolgt die weitere Verarbeitung gem\u00e4\u00df der Datenschutzrichtlinie dieses Unternehmens.<\/li>\n\n\n\n<li>Verwaltung der Kommunikation;<\/li>\n\n\n\n<li>Sicherstellung des ordnungsgem\u00e4\u00dfen Betriebs sowie kontinuierliche Verbesserung der Website (insbesondere durch technisch notwendige Cookies);<\/li>\n\n\n\n<li>Verwaltung vorgerichtlicher und gerichtlicher Verfahren.<\/li>\n<\/ul>\n<\/div><\/div>\n\n<div class=\"row\"><div class=\"col-12 list\">\n<ol start=\"3\" class=\"wp-block-list\">\n<li>Auf Grundlage gesetzlicher Verpflichtungen (Art. 6 Abs. 1 lit. c DSGVO)<\/li>\n<\/ol>\n<\/div><\/div>\n\n<div class=\"row\"><div class=\"col-12 list\">\n<ul class=\"wp-block-list\">\n<li>Bearbeitung und Verwaltung Ihrer datenschutzrechtlichen Betroffenenrechte.<\/li>\n<\/ul>\n<\/div><\/div>\n\n<div class=\"row\"><div class=\"col-12 heading\">\n<h2 class=\"wp-block-heading\">Welche personenbezogenen Daten verarbeiten wir?<\/h2>\n<\/div><\/div>\n\n<div class=\"row\"><div class=\"col-12 paragraph\">\n<p>Die Verarbeitung erfolgt unter Beachtung des in der DSGVO verankerten Grundsatzes der Datenminimierung.<\/p>\n<\/div><\/div>\n\n<div class=\"row\"><div class=\"col-12 paragraph\">\n<p><strong>Identifikationsdaten<\/strong><\/p>\n<\/div><\/div>\n\n<div class=\"row\"><div class=\"col-12 paragraph\">\n<p>Dazu geh\u00f6ren insbesondere:<\/p>\n<\/div><\/div>\n\n<div class=\"row\"><div class=\"col-12 list\">\n<ul class=\"wp-block-list\">\n<li>Vor- und Nachname<\/li>\n\n\n\n<li>Telefonnummer<\/li>\n\n\n\n<li>E-Mail-Adresse<\/li>\n<\/ul>\n<\/div><\/div>\n\n<div class=\"row\"><div class=\"col-12 paragraph\">\n<p><strong>Nutzungs- und Navigationsdaten<\/strong><\/p>\n<\/div><\/div>\n\n<div class=\"row\"><div class=\"col-12 paragraph\">\n<p>Bei der Nutzung unserer Website werden bestimmte technische Daten und Informationen \u00fcber Ihr Nutzungsverhalten erhoben.<\/p>\n<\/div><\/div>\n\n<div class=\"row\"><div class=\"col-12 heading\">\n<h2 class=\"wp-block-heading\">Empf\u00e4nger Ihrer personenbezogenen Daten<\/h2>\n<\/div><\/div>\n\n<div class=\"row\"><div class=\"col-12 paragraph\">\n<p>Ihre personenbezogenen Daten k\u00f6nnen \u00fcbermittelt werden an:<\/p>\n<\/div><\/div>\n\n<div class=\"row\"><div class=\"col-12 list\">\n<ul class=\"wp-block-list\">\n<li>zust\u00e4ndige Unternehmen der Ragni-Gruppe,<\/li>\n\n\n\n<li>technische Dienstleister und Vertragspartner,<\/li>\n\n\n\n<li>zust\u00e4ndige Beh\u00f6rden, sofern gesetzlich erforderlich.<\/li>\n<\/ul>\n<\/div><\/div>\n\n<div class=\"row\"><div class=\"col-12 paragraph\">\n<p>Es werden ausschlie\u00dflich die jeweils erforderlichen Daten \u00fcbermittelt. Ragni trifft geeignete Ma\u00dfnahmen, um eine sichere \u00dcbermittlung zu gew\u00e4hrleisten.<\/p>\n<\/div><\/div>\n\n<div class=\"row\"><div class=\"col-12 paragraph\">\n<p>Ein Verkauf Ihrer personenbezogenen Daten erfolgt nicht.<\/p>\n<\/div><\/div>\n\n<div class=\"row\"><div class=\"col-12 heading\">\n<h2 class=\"wp-block-heading\">\u00dcbermittlung personenbezogener Daten in Drittl\u00e4nder<\/h2>\n<\/div><\/div>\n\n<div class=\"row\"><div class=\"col-12 paragraph\">\n<p>Ragni ist bestrebt, personenbezogene Daten in Frankreich oder innerhalb des Europ\u00e4ischen Wirtschaftsraums (EWR) zu speichern.<\/p>\n<\/div><\/div>\n\n<div class=\"row\"><div class=\"col-12 paragraph\">\n<p>In bestimmten F\u00e4llen kann jedoch eine \u00dcbermittlung in Staaten au\u00dferhalb des EWR erfolgen, insbesondere wenn Dienstleister dort ans\u00e4ssig sind.<\/p>\n<\/div><\/div>\n\n<div class=\"row\"><div class=\"col-12 paragraph\">\n<p>Eine solche \u00dcbermittlung erfolgt ausschlie\u00dflich:<\/p>\n<\/div><\/div>\n\n<div class=\"row\"><div class=\"col-12 list\">\n<ul class=\"wp-block-list\">\n<li>in L\u00e4nder mit einem von der Europ\u00e4ischen Kommission anerkannten angemessenen Datenschutzniveau; oder<\/li>\n\n\n\n<li>auf Grundlage von Standardvertragsklauseln der Europ\u00e4ischen Kommission; oder<\/li>\n\n\n\n<li>auf Grundlage verbindlicher interner Datenschutzvorschriften (Binding Corporate Rules).<\/li>\n<\/ul>\n<\/div><\/div>\n\n<div class=\"row\"><div class=\"col-12 paragraph\">\n<p>Weitere Informationen hierzu erhalten Sie auf Anfrage \u00fcber die im Abschnitt \u201eKontakt\u201c genannten Kontaktdaten.<\/p>\n<\/div><\/div>\n\n<div class=\"row\"><div class=\"col-12 heading\">\n<h2 class=\"wp-block-heading\">Technische und organisatorische Ma\u00dfnahmen<\/h2>\n<\/div><\/div>\n\n<div class=\"row\"><div class=\"col-12 paragraph\">\n<p>Ragni setzt geeignete technische und organisatorische Ma\u00dfnahmen ein, um personenbezogene Daten vor Verlust, Zerst\u00f6rung, Ver\u00e4nderung sowie vor unbefugtem Zugriff oder unbefugter Offenlegung zu sch\u00fctzen.<\/p>\n<\/div><\/div>\n\n<div class=\"row\"><div class=\"col-12 paragraph\">\n<p>Diese Ma\u00dfnahmen k\u00f6nnen unter anderem umfassen:<\/p>\n<\/div><\/div>\n\n<div class=\"row\"><div class=\"col-12 list\">\n<ul class=\"wp-block-list\">\n<li>Zugriffsbeschr\u00e4nkungen f\u00fcr befugte Personen,<\/li>\n\n\n\n<li>Pseudonymisierung oder Verschl\u00fcsselung,<\/li>\n\n\n\n<li>sichere Authentifizierungsverfahren,<\/li>\n\n\n\n<li>regelm\u00e4\u00dfige \u00dcberpr\u00fcfung und Aktualisierung der Sicherheitsma\u00dfnahmen.<\/li>\n<\/ul>\n<\/div><\/div>\n\n<div class=\"row\"><div class=\"col-12 heading\">\n<h2 class=\"wp-block-heading\">Speicherdauer<\/h2>\n<\/div><\/div>\n\n<div class=\"row\"><div class=\"col-12 paragraph\">\n<p>Personenbezogene Daten werden grunds\u00e4tzlich f\u00fcr maximal drei (3) Jahre ab dem letzten Kontakt mit einem Interessenten gespeichert, sofern Sie nicht zuvor deren L\u00f6schung verlangen.<\/p>\n<\/div><\/div>\n\n<div class=\"row\"><div class=\"col-12 paragraph\">\n<p>Werden Betroffenenrechte geltend gemacht, verarbeitet der Datenschutzbeauftragte folgende Daten zum Zweck der Bearbeitung:<\/p>\n<\/div><\/div>\n\n<div class=\"row\"><div class=\"col-12 list\">\n<ul class=\"wp-block-list\">\n<li>Anrede, Vor- und Nachname<\/li>\n\n\n\n<li>ggf. Kopie eines Identit\u00e4tsnachweises<\/li>\n\n\n\n<li>Art der Anfrage<\/li>\n\n\n\n<li>erteilte Antwort<\/li>\n<\/ul>\n<\/div><\/div>\n\n<div class=\"row\"><div class=\"col-12 paragraph\">\n<p>Diese Daten werden f\u00fcr f\u00fcnf (5) Jahre gespeichert. Kopien von Identit\u00e4tsnachweisen werden ausschlie\u00dflich f\u00fcr die Dauer der erforderlichen Pr\u00fcfung oder zur Erf\u00fcllung gesetzlicher Verpflichtungen aufbewahrt.<\/p>\n<\/div><\/div>\n\n<div class=\"row\"><div class=\"col-12 paragraph\">\n<p>Detaillierte Informationen zu Aufbewahrungsfristen k\u00f6nnen im Rahmen Ihres Auskunftsrechts angefordert werden.<\/p>\n<\/div><\/div>\n\n<div class=\"row\"><div class=\"col-12 heading\">\n<h2 class=\"wp-block-heading\">Ihre Rechte<\/h2>\n<\/div><\/div>\n\n<div class=\"row\"><div class=\"col-12 paragraph\">\n<p>Sie k\u00f6nnen Ihre Rechte jederzeit gegen\u00fcber Ragni geltend machen.<\/p>\n<\/div><\/div>\n\n<div class=\"row\"><div class=\"col-12 paragraph\">\n<p>Sie haben insbesondere folgende Rechte:<\/p>\n<\/div><\/div>\n\n<div class=\"row\"><div class=\"col-12 list\">\n<ul class=\"wp-block-list\">\n<li>Recht auf Widerspruch (Art. 21 DSGVO)<\/li>\n\n\n\n<li>Recht auf Widerruf einer Einwilligung (Art. 7 DSGVO)<\/li>\n\n\n\n<li>Recht auf Auskunft (Art. 15 DSGVO)<\/li>\n\n\n\n<li>Recht auf Berichtigung (Art. 16 DSGVO)<\/li>\n\n\n\n<li>Recht auf L\u00f6schung (Art. 17 DSGVO)<\/li>\n\n\n\n<li>Recht auf Einschr\u00e4nkung der Verarbeitung (Art. 18 DSGVO)<\/li>\n\n\n\n<li>Recht auf Daten\u00fcbertragbarkeit (Art. 20 DSGVO)<\/li>\n\n\n\n<li>Recht, Anweisungen f\u00fcr den Umgang mit Ihren Daten nach Ihrem Tod festzulegen (nach nationalem Recht zul\u00e4ssig)<\/li>\n<\/ul>\n<\/div><\/div>\n\n<div class=\"row\"><div class=\"col-12 paragraph\">\n<p>Sind Sie mit unserer Antwort nicht zufrieden oder erhalten Sie keine Antwort, haben Sie das Recht, Beschwerde bei einer zust\u00e4ndigen Datenschutzaufsichtsbeh\u00f6rde einzulegen.<\/p>\n<\/div><\/div>\n\n<div class=\"row\"><div class=\"col-12 heading\">\n<h2 class=\"wp-block-heading\">Kontakt<\/h2>\n<\/div><\/div>\n\n<div class=\"row\"><div class=\"col-12 paragraph\">\n<p>Zur Aus\u00fcbung Ihrer Rechte oder bei Fragen k\u00f6nnen Sie sich an den Datenschutzbeauftragten von Ragni wenden:<\/p>\n<\/div><\/div>\n\n<div class=\"row\"><div class=\"col-12 paragraph\">\n<p>E-Mail: <a>dpo@ragni.com<\/a><\/p>\n<\/div><\/div>\n\n<div class=\"row\"><div class=\"col-12 paragraph\">\n<p>Im Falle berechtigter Zweifel kann ein Identit\u00e4tsnachweis verlangt werden.<\/p>\n<\/div><\/div>\n\n<div class=\"row\"><div class=\"col-12 paragraph\">\n<p>Die Aus\u00fcbung der Rechte ist h\u00f6chstpers\u00f6nlich und kann nur durch die betroffene Person selbst oder deren gesetzliche Vertretung erfolgen.<\/p>\n<\/div><\/div>\n\n<div class=\"row\"><div class=\"col-12 heading\">\n<h2 class=\"wp-block-heading\">\u00c4nderung dieser Richtlinie<\/h2>\n<\/div><\/div>\n\n<div class=\"row\"><div class=\"col-12 paragraph\">\n<p>Ragni beh\u00e4lt sich vor, diese Datenschutzrichtlinie bei Bedarf zu \u00e4ndern. \u00dcber wesentliche \u00c4nderungen werden Sie in geeigneter Weise informiert (z. B. durch einen entsprechenden Hinweis auf der Website).<\/p>\n<\/div><\/div>\n\n<div class=\"row\"><div class=\"col-12 paragraph\">\n<p><em>Stand: Oktober 2025<\/em><\/p>\n<\/div><\/div>\n\n\n<div style=\"height:100px\" aria-hidden=\"true\" class=\"wp-block-spacer\"><\/div>\n","protected":false},"excerpt":{"rendered":"<p>Zweck und Anwendungsbereich der Richtlinie Ragni misst dem Schutz der Privatsph\u00e4re und personenbezogener Daten sowie der Einhaltung der geltenden gesetzlichen Bestimmungen gr\u00f6\u00dfte Bedeutung bei. Die Verordnung (EU) 2016\/679 (Datenschutz-Grundverordnung \u2013 DSGVO) bestimmt, dass personenbezogene Daten rechtm\u00e4\u00dfig, nach Treu und Glauben und in transparenter Weise verarbeitet werden m\u00fcssen. Diese Datenschutzrichtlinie (nachfolgend die \u201eRichtlinie\u201c) soll Ihnen klare [&hellip;]<\/p>\n","protected":false},"author":1,"featured_media":0,"parent":0,"menu_order":0,"comment_status":"closed","ping_status":"closed","template":"page-rgpd.php","meta":{"footnotes":""},"class_list":["post-577","page","type-page","status-publish","hentry"],"acf":[],"_links":{"self":[{"href":"https:\/\/www.groupe-ragni.com\/de\/wp-json\/wp\/v2\/pages\/577","targetHints":{"allow":["GET"]}}],"collection":[{"href":"https:\/\/www.groupe-ragni.com\/de\/wp-json\/wp\/v2\/pages"}],"about":[{"href":"https:\/\/www.groupe-ragni.com\/de\/wp-json\/wp\/v2\/types\/page"}],"author":[{"embeddable":true,"href":"https:\/\/www.groupe-ragni.com\/de\/wp-json\/wp\/v2\/users\/1"}],"replies":[{"embeddable":true,"href":"https:\/\/www.groupe-ragni.com\/de\/wp-json\/wp\/v2\/comments?post=577"}],"version-history":[{"count":8,"href":"https:\/\/www.groupe-ragni.com\/de\/wp-json\/wp\/v2\/pages\/577\/revisions"}],"predecessor-version":[{"id":2892,"href":"https:\/\/www.groupe-ragni.com\/de\/wp-json\/wp\/v2\/pages\/577\/revisions\/2892"}],"wp:attachment":[{"href":"https:\/\/www.groupe-ragni.com\/de\/wp-json\/wp\/v2\/media?parent=577"}],"curies":[{"name":"wp","href":"https:\/\/api.w.org\/{rel}","templated":true}]}}