{"id":574,"date":"2021-10-08T16:29:01","date_gmt":"2021-10-08T14:29:01","guid":{"rendered":"https:\/\/www.groupe-ragni.com\/page-d-exemple\/"},"modified":"2025-11-21T08:37:01","modified_gmt":"2025-11-21T07:37:01","slug":"page-d-exemple","status":"publish","type":"page","link":"https:\/\/www.groupe-ragni.com\/de\/","title":{"rendered":"Accueil"},"content":{"rendered":"<div class=\"row\"><div class=\"col-12 heading\">\n<h1 class=\"wp-block-heading\">Die Groupe <strong>Ragni<\/strong><\/h1>\n<\/div><\/div>\n\n<div class=\"row\"><div class=\"col-12 paragraph\">\n<p>Seit der Gr\u00fcndung der Muttergesellschaft 1927, hat sich GROUPE RAGNI als ein wichtiger Player im Bereich der \u00f6ffentlichen Beleuchtung etabliert. Als Designer und Integrator globaler L\u00f6sungen f\u00fcr Gebietsk\u00f6rperschaften bietet unser Unternehmen Fachwissen \u00fcber verschiedene Marken mit dem Hauptaugenmerk auf autonomer und vernetzter \u00f6ffentlicher Solarbeleuchtung sowie Umweltl\u00f6sungen f\u00fcr das effiziente Management regionaler Ressourcen.<\/p>\n<\/div><\/div>\n\n<div class=\"row\"><div class=\"col-12 paragraph\">\n<p>Unsere Mission? Der erleichterte Zugang zu Wohlergehen und Sicherheit f\u00fcr den Menschen im Dienste von Gemeinden und der Schutz des Lebens durch die Bereitstellung kompletter, nachhaltiger L\u00f6sungen in Form eines innovativen Sortiments an Beleuchtungsprodukten und intelligenten vernetzten \u00f6ffentlichen Beleuchtungen.<\/p>\n<\/div><\/div>\n\n<div class=\"row\"><div class=\"col-12 paragraph\">\n<p>Unser Ziel ist es, Regionen sicherer zu machen, widerstandsf\u00e4higer gegen den Klimawandel, umweltfreundlicher und zutr\u00e4glicher f\u00fcr Entwicklungen aller Lebensformen ohne Beeintr\u00e4chtigung der Umwelt und der Leistung unserer Produkte.<\/p>\n<\/div><\/div>\n\n<div class=\"row\"><div class=\"col-12 paragraph\">\n<p>Unser Engagement geht \u00fcber den einfachen Verkauf von L\u00f6sungen hinaus. Wir arbeiten mit lokalen Akteuren zusammen, unterst\u00fctzen unsere Kunden und bauen langfristige Beziehungen zu ihnen auf.<\/p>\n<\/div><\/div>\n\n<div class=\"row\"><div class=\"col-12 paragraph\">\n<p>Wir wissen, dass jede Region einzigartig ist, mit eigenen wirtschaftlichen, soziokulturellen, politischen und biologischen Besonderheiten. Darum bietet GROUPE RAGNI kundenspezifische L\u00f6sungen, die in einem \u00d6kodesign-Ansatz entwickelt werden, um die Beziehung, die jedes Lebewesen, ob Mensch, Tier oder Pflanze, mit seinem Lebensraum unterh\u00e4lt, zu wahren.<\/p>\n<\/div><\/div>\n\n\n<div style=\"height:24px\" aria-hidden=\"true\" class=\"wp-block-spacer\"><\/div>\n\n\n\n<div class=\"wp-block-buttons is-content-justification-center is-layout-flex wp-container-core-buttons-is-layout-16018d1d wp-block-buttons-is-layout-flex\">\n<div class=\"wp-block-button\"><a class=\"wp-block-button__link wp-element-button\" href=\"https:\/\/www.calameo.com\/read\/0074251098e62f91c027a\" target=\"_blank\" rel=\"noreferrer noopener\">Lern mehr<\/a><\/div>\n<\/div>\n\n\n\n<div style=\"height:141px\" aria-hidden=\"true\" class=\"wp-block-spacer\"><\/div>\n\n\n    <div class=\"row\">\n        <div  id=\"map_part\" class=\"col-12 heading\">\n            <h2 class=\"wp-block-heading\"><strong>Experten<\/strong>so nah wie m\u00f6glich an Ihren Regionen<em>In Frankreich und im Ausland<\/em><\/h2>\n        <\/div>\n    <\/div>\n\n<div class=\"map_part \">\n        <div class=\"row justify-content-center\">\n            <div class=\"col-12 col-md-9 d-block d-md-flex justify-content-center\">\n                                <div class=\"bloc\">\n                        <div class=\"bloc_content text-center bg-white\">\n                            <div class=\"bloc_content_main\">\n                                <img decoding=\"async\" src=\"https:\/\/www.groupe-ragni.com\/wp-content\/uploads\/logo-ragni.jpg\" alt=\"Logo Ragni\" class=\" mb-3 img-fluid\">\n                                <p class=\"mt-4 black title\">Vernetzte Beleuchtung<\/p>\n                            <\/div>\n                            <div class=\"bloc_content_second text-center\">\n                                <a href=\"https:\/\/www.ragni.com\/en\/\" target=\"_blank\" class=\"btn bg-black white\" rel=\"noopener\">Entdecken<\/a>\n                            <\/div>\n                                                    <\/div>\n                    <\/div>\n\n                                <div class=\"bloc\">\n                        <div class=\"bloc_content text-center bg-white\">\n                            <div class=\"bloc_content_main\">\n                                <img decoding=\"async\" src=\"https:\/\/www.groupe-ragni.com\/wp-content\/uploads\/01_2023Logo_hess_RVB.png\" alt=\"\" class=\" mb-3 img-fluid\">\n                                <p class=\"mt-4 black title\">Vernetzte Beleuchtung<\/p>\n                            <\/div>\n                            <div class=\"bloc_content_second text-center\">\n                                <a href=\"https:\/\/www.hess.eu\/de\/\" target=\"_blank\" class=\"btn bg-black white\" rel=\"noopener\">Entdecken<\/a>\n                            <\/div>\n                                                    <\/div>\n                    <\/div>\n\n                                <div class=\"bloc\">\n                        <div class=\"bloc_content text-center bg-white\">\n                            <div class=\"bloc_content_main\">\n                                <img decoding=\"async\" src=\"https:\/\/www.groupe-ragni.com\/wp-content\/uploads\/01_2023Logo_Vulkan_RVB1.png\" alt=\"\" class=\" mb-3 img-fluid\">\n                                <p class=\"mt-4 black title\">Vernetzte Beleuchtung<\/p>\n                            <\/div>\n                            <div class=\"bloc_content_second text-center\">\n                                <a href=\"https:\/\/www.vulkan.eu\/de\/\" target=\"_blank\" class=\"btn bg-black white\" rel=\"noopener\">Entdecken<\/a>\n                            <\/div>\n                                                    <\/div>\n                    <\/div>\n\n                                <div class=\"bloc\">\n                        <div class=\"bloc_content text-center bg-white\">\n                            <div class=\"bloc_content_main\">\n                                <img decoding=\"async\" src=\"https:\/\/www.groupe-ragni.com\/wp-content\/uploads\/01_2024Logo_LEC_RVB.png\" alt=\"\" class=\" mb-3 img-fluid\">\n                                <p class=\"mt-4 black title\">Urbane Aufwertung und Beschilderung<\/p>\n                            <\/div>\n                            <div class=\"bloc_content_second text-center\">\n                                <a href=\"https:\/\/www.lec.fr\/de\/\" target=\"_blank\" class=\"btn bg-black white\" rel=\"noopener\">Entdecken<\/a>\n                            <\/div>\n                                                    <\/div>\n                    <\/div>\n\n                                <div class=\"bloc\">\n                        <div class=\"bloc_content text-center bg-white\">\n                            <div class=\"bloc_content_main\">\n                                <img decoding=\"async\" src=\"https:\/\/www.groupe-ragni.com\/wp-content\/uploads\/logo-novea.jpg\" alt=\"Logo Nov\u00e9a\" class=\" mb-3 img-fluid\">\n                                <p class=\"mt-4 black title\">Solare autonome Beleuchtung<\/p>\n                            <\/div>\n                            <div class=\"bloc_content_second text-center\">\n                                <a href=\"https:\/\/www.novea-energies.com\/de\/\" target=\"_blank\" class=\"btn bg-black white\" rel=\"noopener\">Entdecken<\/a>\n                            <\/div>\n                                                    <\/div>\n                    <\/div>\n\n                                <div class=\"bloc\">\n                        <div class=\"bloc_content text-center bg-white\">\n                            <div class=\"bloc_content_main\">\n                                <img decoding=\"async\" src=\"https:\/\/www.groupe-ragni.com\/wp-content\/uploads\/01_2024Logo_Eco_Innov_RVB.png\" alt=\"\" class=\" mb-3 img-fluid\">\n                                <p class=\"mt-4 black title\">Innovative, nachhaltige und sichere Lichtsignalisierung<\/p>\n                            <\/div>\n                            <div class=\"bloc_content_second text-center\">\n                                <a href=\"https:\/\/www.eco-innov.com\/en\/\" target=\"_blank\" class=\"btn bg-black white\" rel=\"noopener\">Entdecken<\/a>\n                            <\/div>\n                                                    <\/div>\n                    <\/div>\n\n                                <div class=\"bloc\">\n                        <div class=\"bloc_content text-center bg-white\">\n                            <div class=\"bloc_content_main\">\n                                <img decoding=\"async\" src=\"https:\/\/www.groupe-ragni.com\/wp-content\/uploads\/logo-seve.jpg\" alt=\"Logo Seve\" class=\" mb-3 img-fluid\">\n                                <p class=\"mt-4 black title\">Vernetzte L\u00f6sungen<\/p>\n                            <\/div>\n                            <div class=\"bloc_content_second text-center\">\n                                <a href=\"https:\/\/sev-e.com\/de\/\" target=\"_blank\" class=\"btn bg-black white\" rel=\"noopener\">Entdecken<\/a>\n                            <\/div>\n                                                    <\/div>\n                    <\/div>\n\n                        <\/div>\n        <\/div>\n    <div class=\"map_container\">\n        <div class=\"row\">\n            <div class=\"col-12\">\n                 <!-- start Fla-shop.com HTML5 Map --> <div class='worldcountriesHtml5Mapbottom htmlMapResponsive' style='max-width:980px; width: 100%'><div id='worldcountries-html5-map-map-container_0' class='worldcountriesHtml5MapContainer' data-map-variable='worldcountrieshtml5map_map_0'><\/div><div style='clear:both; height: 20px;'><\/div> <style> #worldcountries-html5-map-map-container_0 { } #worldcountries-html5-map-map-container_0 .fm-tooltip-name { color: #000000; font-size: 20px; } #worldcountries-html5-map-map-container_0 .fm-tooltip-comment { font-size: 16pxpx; font-family: 'itc-avant-garde-gothic-pro','sans-serif'; } #worldcountries-html5-map-map-container_0 .fm-tooltip-comment p { font-size: 16pxpx; font-family: 'itc-avant-garde-gothic-pro','sans-serif'; } @media only screen and (max-width: 480px) { #worldcountries-html5-map-map-container_0 { float: none; width: 100%; } } <\/style><script type=\"text\/javascript\"> jQuery(function(){ var hightlighted = null; worldcountrieshtml5map_map_0 = new FlaShopWorldMap(worldcountrieshtml5map_map_cfg_4); worldcountrieshtml5map_map_0.draw('worldcountries-html5-map-map-container_0'); worldcountrieshtml5map_map_0.on('mousein', function(ev, sid, map) { if (hightlighted && sid != hightlighted) { map.stateHighlightOut(hightlighted); hightlighted = null; } }); var current_info_sid = null; var html5map_onclick = function(ev, sid, map) { var cfg = worldcountrieshtml5map_map_cfg_4; var link = map.fetchStateAttr(sid, 'link'); var is_group = map.fetchStateAttr(sid, 'group'); var popup_id = map.fetchStateAttr(sid, 'popup-id'); var is_group_info = false; var is_point = sid.substr(0,1) === 'p'; if (typeof cfg.map_data[sid] !== 'undefined') jQuery('#worldcountries-html5-map-selector_0').val(sid); else jQuery('#worldcountries-html5-map-selector_0').val(''); if (is_group == undefined) { if (is_point) { popup_id = map.fetchPointAttr(sid, 'popup_id'); link = map.fetchPointAttr(sid, 'link'); } } else if (typeof cfg.groups[is_group]['ignore_link'] == 'undefined' || ! cfg.groups[is_group].ignore_link) { link = cfg.groups[is_group].link; popup_id = cfg.groups[is_group]['popup_id']; is_group_info = true; } if (link === '#popup') { if (typeof SG_POPUP_DATA == \"object\") { if (popup_id in SG_POPUP_DATA) { SGPopup.prototype.showPopup(popup_id,false); } else { jQuery.ajax({ type: 'POST', url: 'https:\/\/www.groupe-ragni.com\/' + 'index.php' + '?map_id=4' + '&worldcountrieshtml5map_get_popup', data: {popup_id:popup_id}, }).done(function(data) { jQuery('body').append(data); SGPopup.prototype.showPopup(popup_id,false); }); } } else if (typeof SGPBPopup == \"function\") { var popup = SGPBPopup.createPopupObjById(popup_id); popup.prepareOpen(); popup.open(); } return false; } if (link == '#info') { if (current_info_sid === sid) return; var info = is_group_info ? cfg.groups[is_group]['info'] : (is_point ? map.fetchPointAttr(sid, 'info') : map.fetchStateAttr(sid, 'info')); if (typeof info !== 'undefined') { current_info_sid = sid; jQuery('#worldcountries-html5-map-state-info_0').html(info); return; } var id = is_group_info ? is_group : (is_point ? sid : map.fetchStateAttr(sid, 'id')); jQuery('#worldcountries-html5-map-state-info_0').html('Loading...'); jQuery.ajax({ type: 'POST', url: (is_group_info ? 'https:\/\/www.groupe-ragni.com\/' + 'index.php' + '?map_id=4' + '&worldcountrieshtml5map_get_group_info=' : 'https:\/\/www.groupe-ragni.com\/' + 'index.php' + '?map_id=4' + '&worldcountrieshtml5map_get_state_info=') + id, success: function(data, textStatus, jqXHR){ current_info_sid = sid; jQuery('#worldcountries-html5-map-state-info_0').html(data); }, dataType: 'text' }); return false; } if (ev === null && link !== '') { if (!jQuery('.html5dummilink').length) { jQuery('body').append('<a href=\"#\" class=\"html5dummilink\" style=\"display:none\"><\/a>'); } jQuery('.html5dummilink').attr('href', link).attr('target', (map.fetchStateAttr(sid, 'isNewWindow') ? '_blank' : '_self'))[0].click(); } }; worldcountrieshtml5map_map_0.on('click', html5map_onclick); }); <\/script><div id='worldcountries-html5-map-state-info_0' class='worldcountriesHtml5MapStateInfo'><\/div> <\/div> <div style='clear: both'><\/div> <!-- end HTML5 Map -->             <\/div>\n        <\/div>\n    <\/div>\n<\/div>","protected":false},"excerpt":{"rendered":"<p>Die Groupe Ragni Seit der Gr\u00fcndung der Muttergesellschaft 1927, hat sich GROUPE RAGNI als ein wichtiger Player im Bereich der \u00f6ffentlichen Beleuchtung etabliert. Als Designer und Integrator globaler L\u00f6sungen f\u00fcr Gebietsk\u00f6rperschaften bietet unser Unternehmen Fachwissen \u00fcber verschiedene Marken mit dem Hauptaugenmerk auf autonomer und vernetzter \u00f6ffentlicher Solarbeleuchtung sowie Umweltl\u00f6sungen f\u00fcr das effiziente Management regionaler Ressourcen. [&hellip;]<\/p>\n","protected":false},"author":1,"featured_media":0,"parent":0,"menu_order":0,"comment_status":"closed","ping_status":"closed","template":"","meta":{"footnotes":""},"class_list":["post-574","page","type-page","status-publish","hentry"],"acf":[],"_links":{"self":[{"href":"https:\/\/www.groupe-ragni.com\/de\/wp-json\/wp\/v2\/pages\/574","targetHints":{"allow":["GET"]}}],"collection":[{"href":"https:\/\/www.groupe-ragni.com\/de\/wp-json\/wp\/v2\/pages"}],"about":[{"href":"https:\/\/www.groupe-ragni.com\/de\/wp-json\/wp\/v2\/types\/page"}],"author":[{"embeddable":true,"href":"https:\/\/www.groupe-ragni.com\/de\/wp-json\/wp\/v2\/users\/1"}],"replies":[{"embeddable":true,"href":"https:\/\/www.groupe-ragni.com\/de\/wp-json\/wp\/v2\/comments?post=574"}],"version-history":[{"count":6,"href":"https:\/\/www.groupe-ragni.com\/de\/wp-json\/wp\/v2\/pages\/574\/revisions"}],"predecessor-version":[{"id":2490,"href":"https:\/\/www.groupe-ragni.com\/de\/wp-json\/wp\/v2\/pages\/574\/revisions\/2490"}],"wp:attachment":[{"href":"https:\/\/www.groupe-ragni.com\/de\/wp-json\/wp\/v2\/media?parent=574"}],"curies":[{"name":"wp","href":"https:\/\/api.w.org\/{rel}","templated":true}]}}