{"id":2898,"date":"2026-02-12T10:54:51","date_gmt":"2026-02-12T09:54:51","guid":{"rendered":"https:\/\/www.groupe-ragni.com\/?page_id=2898"},"modified":"2026-02-23T09:49:17","modified_gmt":"2026-02-23T08:49:17","slug":"cookie-richtlinie","status":"publish","type":"page","link":"https:\/\/www.groupe-ragni.com\/de\/cookie-richtlinie\/","title":{"rendered":"Cookie-Richtlinie"},"content":{"rendered":"<div class=\"row\"><div class=\"col-12 heading\">\n<h2 class=\"wp-block-heading\">Was sind Cookies?<\/h2>\n<\/div><\/div>\n\n<div class=\"row\"><div class=\"col-12 paragraph\">\n<p>Cookies sind kleine Textdateien, die auf Ihrem Computer, Smartphone oder Tablet gespeichert werden. Sie enthalten eindeutige Kennungen, die Ihrem Endger\u00e4t zugeordnet sind.<\/p>\n<\/div><\/div>\n\n<div class=\"row\"><div class=\"col-12 paragraph\">\n<p>Sie erm\u00f6glichen eine verbesserte Nutzererfahrung, indem sie Ihre Aktionen und Einstellungen (z. B. Sprache, Schriftgr\u00f6\u00dfe oder Standort) speichern, sodass Sie diese nicht bei jedem Besuch erneut eingeben m\u00fcssen.<\/p>\n<\/div><\/div>\n\n<div class=\"row\"><div class=\"col-12 paragraph\">\n<p>Cookies erlauben keine unmittelbare Identifizierung Ihrer Person. Sie erfassen jedoch Informationen \u00fcber Ihr Nutzungsverhalten auf der Website (z. B. besuchte Seiten, Datum und Uhrzeit des Zugriffs), die bei sp\u00e4teren Besuchen ausgelesen werden k\u00f6nnen.<\/p>\n<\/div><\/div>\n\n<div class=\"row\"><div class=\"col-12 paragraph\">\n<p>F\u00fcr s\u00e4mtliche Datenverarbeitungsvorg\u00e4nge im Zusammenhang mit Cookies bestimmt Ragni, Soci\u00e9t\u00e9 par Actions Simplifi\u00e9e mit einem Stammkapital von 610.000 EUR, mit Sitz in Lieudit Le Guerard, Chemin du Vallon des Vaux, 06610 La Gaude, Frankreich, die Zwecke und Mittel der Verarbeitung.<\/p>\n<\/div><\/div>\n\n<div class=\"row\"><div class=\"col-12 paragraph\">\n<p>Ragni handelt somit als Verantwortlicher im Sinne der Datenschutz-Grundverordnung (DSGVO), Verordnung (EU) 2016\/679.<\/p>\n<\/div><\/div>\n\n<div class=\"row\"><div class=\"col-12 paragraph\">\n<p>Ragni misst dem Schutz der Privatsph\u00e4re und personenbezogener Daten gr\u00f6\u00dfte Bedeutung bei.<\/p>\n<\/div><\/div>\n\n<div class=\"row\"><div class=\"col-12 paragraph\">\n<p>Diese Cookie-Richtlinie (nachfolgend die \u201eRichtlinie\u201c) informiert Sie klar und transparent dar\u00fcber, wie Ihre Daten durch auf der Website gesetzte Cookies erhoben werden.<\/p>\n<\/div><\/div>\n\n<div class=\"row\"><div class=\"col-12 heading\">\n<h2 class=\"wp-block-heading\">Werden beim Besuch der Website Cookies gesetzt?<\/h2>\n<\/div><\/div>\n\n<div class=\"row\"><div class=\"col-12 paragraph\">\n<p>Bei Ihrem ersten Besuch erscheint ein Hinweisbanner, das Sie \u00fcber die Verwendung von Cookies informiert und Sie zur Auswahl auffordert.<\/p>\n<\/div><\/div>\n\n<div class=\"row\"><div class=\"col-12 paragraph\">\n<p>Einwilligungspflichtige Cookies werden nur gesetzt, wenn Sie ausdr\u00fccklich zustimmen.<\/p>\n<\/div><\/div>\n\n<div class=\"row\"><div class=\"col-12 paragraph\">\n<p>Sie k\u00f6nnen Ihre Einstellungen jederzeit \u00fcber den Link \u201eCookies verwalten\u201c am unteren Rand jeder Seite oder \u00fcber Ihre Browsereinstellungen \u00e4ndern.<\/p>\n<\/div><\/div>\n\n<div class=\"row\"><div class=\"col-12 heading\">\n<h2 class=\"wp-block-heading\">Welche Daten werden erhoben?<\/h2>\n<\/div><\/div>\n\n<div class=\"row\"><div class=\"col-12 list\">\n<ul class=\"wp-block-list\">\n<li>Technische Identifikatoren Ihres Internetzugangs;<\/li>\n\n\n\n<li>Datum, Uhrzeit und Dauer der Verbindung;<\/li>\n\n\n\n<li>Referrer-URL (Internetseite, von der aus Sie auf unsere Website gelangen);<\/li>\n\n\n\n<li>Betriebssystem des Endger\u00e4ts (z. B. Windows, macOS, Linux);<\/li>\n\n\n\n<li>Typ und Version des Browsers;<\/li>\n\n\n\n<li>Marke und Modell eines mobilen Endger\u00e4ts;<\/li>\n\n\n\n<li>M\u00f6gliche Download-Fehler;<\/li>\n\n\n\n<li>Spracheinstellungen des Browsers;<\/li>\n\n\n\n<li>Merkmale der aufgerufenen und geteilten Inhalte.<\/li>\n<\/ul>\n<\/div><\/div>\n\n<div class=\"row\"><div class=\"col-12 heading\">\n<h2 class=\"wp-block-heading\">Zu welchen Zwecken werden Cookies eingesetzt?<\/h2>\n<\/div><\/div>\n\n<div class=\"row\"><div class=\"col-12 list\">\n<ul class=\"wp-block-list\">\n<li>Technisch notwendige Cookies: Erforderlich f\u00fcr grundlegende Funktionen.<\/li>\n\n\n\n<li>Reichweitenanalyse-Cookies: Dienen der statistischen Auswertung und Optimierung.<\/li>\n<\/ul>\n<\/div><\/div>\n\n\n<figure class=\"wp-block-table\"><table class=\"has-fixed-layout\"><tbody><tr><td>NAME DES COOKIES<\/td><td>ZWECK<\/td><td>SPEICHERDAUER<\/td><\/tr><tr><td>PHPSESSID<\/td><td>Identifiziert die Benutzersitzung (Formulare, Login usw.)<\/td><td>Sitzung<\/td><\/tr><tr><td>wp-<\/td><td>WordPress-Cookies f\u00fcr Authentifizierung oder Benutzereinstellungen<\/td><td>Sitzung<\/td><\/tr><tr><td>wpml_current_language<\/td><td>Speichert die vom Nutzer gew\u00e4hlte Sprache<\/td><td>Sitzung<\/td><\/tr><tr><td>moove_gdpr_popup<\/td><td>Speichert Ihre Cookie-Einwilligungspr\u00e4ferenzen<\/td><td>6 Monate<\/td><\/tr><tr><td>AEC<\/td><td>Sicherheitscookie zur Verhinderung missbr\u00e4uchlicher Anfragen<\/td><td>6 Monate<\/td><\/tr><tr><td>Secure-ENID<\/td><td>Google-Sicherheitscookie zum Schutz vor unbefugtem Zugriff<\/td><td>13 Monate<\/td><\/tr><tr><td>SOCS<\/td><td>Speichert den Status Ihrer Google-Einwilligung<\/td><td>13 Monate<\/td><\/tr><tr><td>_ga<\/td><td>Unterscheidet Nutzer zur Erstellung von Besuchsstatistiken (Google Analytics)<\/td><td>13 Monate<\/td><\/tr><tr><td>_ga_ZW9782X7KT<\/td><td>Speichert den Sitzungsstatus f\u00fcr eine bestimmte Google-Analytics-Property<\/td><td>13 Monate<\/td><\/tr><\/tbody><\/table><\/figure>\n\n\n<div class=\"row\"><div class=\"col-12 heading\">\n<h2 class=\"wp-block-heading\">Wer setzt die Cookies?<\/h2>\n<\/div><\/div>\n\n<div class=\"row\"><div class=\"col-12 paragraph\">\n<p>Cookies werden gesetzt durch:<\/p>\n<\/div><\/div>\n\n<div class=\"row\"><div class=\"col-12 list\">\n<ul class=\"wp-block-list\">\n<li>Ragni als Betreiber der Website;<\/li>\n\n\n\n<li>Technische Dienstleister, die als Auftragsverarbeiter im Auftrag von Ragni handeln.<\/li>\n<\/ul>\n<\/div><\/div>\n\n<div class=\"row\"><div class=\"col-12 heading\">\n<h2 class=\"wp-block-heading\">Wie k\u00f6nnen Sie Ihre Einwilligung verwalten?<\/h2>\n<\/div><\/div>\n\n<div class=\"row\"><div class=\"col-12 paragraph\">\n<p>Cookies zur Reichweitenmessung werden nur mit Ihrer vorherigen Einwilligung gesetzt.<\/p>\n<\/div><\/div>\n\n<div class=\"row\"><div class=\"col-12 paragraph\">\n<p>Diese Einwilligung wird beim ersten Besuch \u00fcber das Cookie-Banner eingeholt.<\/p>\n<\/div><\/div>\n\n<div class=\"row\"><div class=\"col-12 paragraph\">\n<p>Sie k\u00f6nnen Ihre Einwilligung jederzeit widerrufen, indem Sie den Link \u201eCookies verwalten\u201c am unteren Rand jeder Seite aufrufen.<\/p>\n<\/div><\/div>\n\n<div class=\"row\"><div class=\"col-12 heading\">\n<h2 class=\"wp-block-heading\">Wie k\u00f6nnen Sie Cookies in Ihrem Browser konfigurieren?<\/h2>\n<\/div><\/div>\n\n<div class=\"row\"><div class=\"col-12 paragraph\">\n<p>Sie k\u00f6nnen Ihren Browser so konfigurieren, dass er:<\/p>\n<\/div><\/div>\n\n<div class=\"row\"><div class=\"col-12 list\">\n<ul class=\"wp-block-list\">\n<li>alle Cookies akzeptiert oder ablehnt,<\/li>\n\n\n\n<li>Cookies automatisch l\u00f6scht,<\/li>\n\n\n\n<li>Sie informiert, wenn ein Cookie gesetzt wird.<\/li>\n<\/ul>\n<\/div><\/div>\n\n<div class=\"row\"><div class=\"col-12 paragraph\">\n<p>Sie k\u00f6nnen Cookies jederzeit blockieren oder deaktivieren, indem Sie die Einstellungen Ihres Browsers anpassen, gem\u00e4\u00df den Anweisungen Ihres Browser-Anbieters.<\/p>\n<\/div><\/div>\n\n<div class=\"row\"><div class=\"col-12 paragraph\">\n<p>Informationen zur Konfiguration finden Sie f\u00fcr die g\u00e4ngigsten Browser unter:<\/p>\n<\/div><\/div>\n\n<div class=\"row\"><div class=\"col-12 list\">\n<ul class=\"wp-block-list\">\n<li><a href=\"https:\/\/support.microsoft.com\/de-de\/windows\/anzeigen-und-l%C3%B6schen-des-browserverlaufs-in-internet-explorer-098ffe52-5ac9-a449-c296-c735c32c8678\" target=\"_blank\" rel=\"noreferrer noopener\">Internet Explorer<\/a><\/li>\n\n\n\n<li><a href=\"https:\/\/support.google.com\/chrome\/answer\/95647?hl=de&amp;sjid=11909311819035457258-EU\" target=\"_blank\" rel=\"noreferrer noopener\">Chr<\/a><a href=\"https:\/\/support.google.com\/chrome\/answer\/95647?hl=fr\" target=\"_blank\" rel=\"noreferrer noopener\">o<\/a><a href=\"https:\/\/support.google.com\/chrome\/answer\/95647?hl=en-GB&amp;sjid=11909311819035457258-EU\" target=\"_blank\" rel=\"noopener\">me<\/a><\/li>\n\n\n\n<li><a href=\"https:\/\/support.mozilla.org\/en-US\/kb\/enhanced-tracking-protection-firefox-desktop?redirectslug=activer-desactiver-cookies-preferences&amp;redirectlocale=fr\" target=\"_blank\" rel=\"noreferrer noopener\">Fi<\/a><a href=\"https:\/\/support.mozilla.org\/de\/kb\/verbesserter-schutz-aktivitatenverfolgung-desktop?redirectslug=activer-desactiver-cookies-preferences&amp;redirectlocale=fr\" target=\"_blank\" rel=\"noreferrer noopener\">refox<\/a><\/li>\n\n\n\n<li><a href=\"https:\/\/support.apple.com\/de-de\/guide\/safari\/sfri11471\/mac\" target=\"_blank\" rel=\"noreferrer noopener\">S<\/a><a href=\"https:\/\/support.apple.com\/en-gb\/guide\/safari\/sfri11471\/mac\" target=\"_blank\" rel=\"noreferrer noopener\">afari<\/a><\/li>\n\n\n\n<li><a href=\"https:\/\/blogs.opera.com\/tips-and-tricks\/2023\/04\/clean-browser-and-remove-trackers\/\" target=\"_blank\" rel=\"noreferrer noopener\">Opera<\/a><\/li>\n<\/ul>\n<\/div><\/div>\n\n<div class=\"row\"><div class=\"col-12 heading\">\n<h2 class=\"wp-block-heading\">Welche Folgen hat die Ablehnung von Cookies?<\/h2>\n<\/div><\/div>\n\n<div class=\"row\"><div class=\"col-12 paragraph\">\n<p>Wenn Sie die f\u00fcr das ordnungsgem\u00e4\u00dfe Funktionieren der Website erforderlichen Cookies ablehnen oder l\u00f6schen, kann dies zu Einschr\u00e4nkungen der Funktionalit\u00e4t und der Nutzererfahrung f\u00fchren.<\/p>\n<\/div><\/div>\n\n<div class=\"row\"><div class=\"col-12 paragraph\">\n<p>Die Ablehnung nicht notwendiger Cookies hat keine Auswirkungen auf den Zugang zur Website oder deren grundlegende Funktionen.<\/p>\n<\/div><\/div>\n\n\n<div style=\"height:100px\" aria-hidden=\"true\" class=\"wp-block-spacer\"><\/div>\n","protected":false},"excerpt":{"rendered":"<p>Was sind Cookies? Cookies sind kleine Textdateien, die auf Ihrem Computer, Smartphone oder Tablet gespeichert werden. Sie enthalten eindeutige Kennungen, die Ihrem Endger\u00e4t zugeordnet sind. Sie erm\u00f6glichen eine verbesserte Nutzererfahrung, indem sie Ihre Aktionen und Einstellungen (z. B. Sprache, Schriftgr\u00f6\u00dfe oder Standort) speichern, sodass Sie diese nicht bei jedem Besuch erneut eingeben m\u00fcssen. Cookies erlauben [&hellip;]<\/p>\n","protected":false},"author":1,"featured_media":0,"parent":0,"menu_order":0,"comment_status":"closed","ping_status":"closed","template":"","meta":{"footnotes":""},"class_list":["post-2898","page","type-page","status-publish","hentry"],"acf":[],"_links":{"self":[{"href":"https:\/\/www.groupe-ragni.com\/de\/wp-json\/wp\/v2\/pages\/2898","targetHints":{"allow":["GET"]}}],"collection":[{"href":"https:\/\/www.groupe-ragni.com\/de\/wp-json\/wp\/v2\/pages"}],"about":[{"href":"https:\/\/www.groupe-ragni.com\/de\/wp-json\/wp\/v2\/types\/page"}],"author":[{"embeddable":true,"href":"https:\/\/www.groupe-ragni.com\/de\/wp-json\/wp\/v2\/users\/1"}],"replies":[{"embeddable":true,"href":"https:\/\/www.groupe-ragni.com\/de\/wp-json\/wp\/v2\/comments?post=2898"}],"version-history":[{"count":2,"href":"https:\/\/www.groupe-ragni.com\/de\/wp-json\/wp\/v2\/pages\/2898\/revisions"}],"predecessor-version":[{"id":2919,"href":"https:\/\/www.groupe-ragni.com\/de\/wp-json\/wp\/v2\/pages\/2898\/revisions\/2919"}],"wp:attachment":[{"href":"https:\/\/www.groupe-ragni.com\/de\/wp-json\/wp\/v2\/media?parent=2898"}],"curies":[{"name":"wp","href":"https:\/\/api.w.org\/{rel}","templated":true}]}}